{"id":17,"date":"2025-04-09T18:06:39","date_gmt":"2025-04-09T18:06:39","guid":{"rendered":"https:\/\/americasbailbonds.com\/?page_id=17"},"modified":"2025-06-10T23:45:50","modified_gmt":"2025-06-10T23:45:50","slug":"about-us","status":"publish","type":"page","link":"https:\/\/americasbailbonds.com\/es\/about-us\/","title":{"rendered":"Sobre nosotros"},"content":{"rendered":"<div data-elementor-type=\"wp-page\" data-elementor-id=\"17\" class=\"elementor elementor-17\" data-elementor-post-type=\"page\">\n\t\t\t\t<div class=\"elementor-element elementor-element-348f6623 e-flex e-con-boxed e-con e-parent\" data-id=\"348f6623\" data-element_type=\"container\" data-e-type=\"container\" data-settings=\"{&quot;background_background&quot;:&quot;classic&quot;}\">\n\t\t\t\t\t<div class=\"e-con-inner\">\n\t\t\t\t<div class=\"elementor-element elementor-element-276ad9bf elementor-widget elementor-widget-heading\" data-id=\"276ad9bf\" data-element_type=\"widget\" data-e-type=\"widget\" data-widget_type=\"heading.default\">\n\t\t\t\t<div class=\"elementor-widget-container\">\n\t\t\t\t\t<h2 class=\"elementor-heading-title elementor-size-default\">Sobre nosotros<\/h2>\t\t\t\t<\/div>\n\t\t\t\t<\/div>\n\t\t\t\t<div class=\"elementor-element elementor-element-2ddd0041 elementor-widget-divider--view-line elementor-widget elementor-widget-divider\" data-id=\"2ddd0041\" data-element_type=\"widget\" data-e-type=\"widget\" data-widget_type=\"divider.default\">\n\t\t\t\t<div class=\"elementor-widget-container\">\n\t\t\t\t\t\t\t<div class=\"elementor-divider\">\n\t\t\t<span class=\"elementor-divider-separator\">\n\t\t\t\t\t\t<\/span>\n\t\t<\/div>\n\t\t\t\t\t\t<\/div>\n\t\t\t\t<\/div>\n\t\t\t\t\t<\/div>\n\t\t\t\t<\/div>\n\t\t<div class=\"elementor-element elementor-element-74a6210 e-flex e-con-boxed e-con e-parent\" data-id=\"74a6210\" data-element_type=\"container\" data-e-type=\"container\">\n\t\t\t\t\t<div class=\"e-con-inner\">\n\t\t<div class=\"elementor-element elementor-element-1750e59 e-con-full animated-slow e-flex elementor-invisible e-con e-child\" data-id=\"1750e59\" data-element_type=\"container\" data-e-type=\"container\" data-settings=\"{&quot;animation&quot;:&quot;fadeInLeft&quot;}\">\n\t\t\t\t<div class=\"elementor-element elementor-element-3041e4a elementor-widget elementor-widget-image\" data-id=\"3041e4a\" data-element_type=\"widget\" data-e-type=\"widget\" data-widget_type=\"image.default\">\n\t\t\t\t<div class=\"elementor-widget-container\">\n\t\t\t\t\t\t\t\t\t\t\t\t\t\t\t<img fetchpriority=\"high\" decoding=\"async\" width=\"910\" height=\"853\" src=\"https:\/\/americasbailbonds.com\/wp-content\/uploads\/2025\/04\/IMGL0112-de-tamano-grande-2-e1744721843591.jpeg\" class=\"attachment-full size-full wp-image-282\" alt=\"\" srcset=\"https:\/\/americasbailbonds.com\/wp-content\/uploads\/2025\/04\/IMGL0112-de-tamano-grande-2-e1744721843591.jpeg 910w, https:\/\/americasbailbonds.com\/wp-content\/uploads\/2025\/04\/IMGL0112-de-tamano-grande-2-e1744721843591-300x281.jpeg 300w, https:\/\/americasbailbonds.com\/wp-content\/uploads\/2025\/04\/IMGL0112-de-tamano-grande-2-e1744721843591-768x720.jpeg 768w\" sizes=\"(max-width: 910px) 100vw, 910px\" \/>\t\t\t\t\t\t\t\t\t\t\t\t\t\t\t<\/div>\n\t\t\t\t<\/div>\n\t\t\t\t<\/div>\n\t\t<div class=\"elementor-element elementor-element-7305b6a e-con-full e-flex e-con e-child\" data-id=\"7305b6a\" data-element_type=\"container\" data-e-type=\"container\">\n\t\t\t\t<div class=\"elementor-element elementor-element-287c1cd elementor-widget elementor-widget-heading\" data-id=\"287c1cd\" data-element_type=\"widget\" data-e-type=\"widget\" data-widget_type=\"heading.default\">\n\t\t\t\t<div class=\"elementor-widget-container\">\n\t\t\t\t\t<div class=\"elementor-heading-title elementor-size-default\">Sobre nosotros<\/div>\t\t\t\t<\/div>\n\t\t\t\t<\/div>\n\t\t\t\t<div class=\"elementor-element elementor-element-deb97d0 animated-slow elementor-invisible elementor-widget elementor-widget-heading\" data-id=\"deb97d0\" data-element_type=\"widget\" data-e-type=\"widget\" data-settings=\"{&quot;_animation&quot;:&quot;fadeInUp&quot;}\" data-widget_type=\"heading.default\">\n\t\t\t\t<div class=\"elementor-widget-container\">\n\t\t\t\t\t<h3 class=\"elementor-heading-title elementor-size-default\">FIANZAS DE LAS AM\u00c9RICAS<\/h3>\t\t\t\t<\/div>\n\t\t\t\t<\/div>\n\t\t\t\t<div class=\"elementor-element elementor-element-aa37c2b elementor-widget elementor-widget-text-editor\" data-id=\"aa37c2b\" data-element_type=\"widget\" data-e-type=\"widget\" data-widget_type=\"text-editor.default\">\n\t\t\t\t<div class=\"elementor-widget-container\">\n\t\t\t\t\t\t\t\t\t<p>En <strong data-start=\"1310\" data-end=\"1332\">Fianzas de las Am\u00e9ricas<\/strong>Sabemos que enfrentar un arresto en la familia es abrumador. El due\u00f1o, <strong data-start=\"1406\" data-end=\"1424\">Carlos Manzano<\/strong>, ha dedicado la mayor parte de su vida a ayudar a las familias en algunos de sus momentos m\u00e1s dif\u00edciles.<br data-start=\"1522\" data-end=\"1525\" \/>Creemos que <strong data-start=\"1541\" data-end=\"1598\">Un error no siempre te define como una mala persona<\/strong>.<br data-start=\"1599\" data-end=\"1602\" \/>Nuestra misi\u00f3n es brindarle a usted, el miembro de la familia durante esta situaci\u00f3n estresante, <strong data-start=\"1687\" data-end=\"1738\">Orientaci\u00f3n confiable y honesta en cada paso del camino<\/strong>.<br data-start=\"1739\" data-end=\"1742\" \/>Hemos servido con orgullo a <strong data-start=\"1767\" data-end=\"1806\">Comunidad de Houston por m\u00e1s de 30 a\u00f1os<\/strong> y desde la misma ubicaci\u00f3n en el centro durante m\u00e1s de una d\u00e9cada, ofreciendo un servicio r\u00e1pido, profesional y compasivo cuando m\u00e1s lo necesita.<br data-start=\"1939\" data-end=\"1942\" \/><strong data-start=\"1942\" data-end=\"1984\">No est\u00e1s solo: estamos aqu\u00ed para ayudarte.<\/strong><\/p>\t\t\t\t\t\t\t\t<\/div>\n\t\t\t\t<\/div>\n\t\t<div class=\"elementor-element elementor-element-3cb7a89 e-con-full e-flex e-con e-child\" data-id=\"3cb7a89\" data-element_type=\"container\" data-e-type=\"container\">\n\t\t<div class=\"elementor-element elementor-element-c6f378a e-con-full e-flex e-con e-child\" data-id=\"c6f378a\" data-element_type=\"container\" data-e-type=\"container\">\n\t\t\t\t<div class=\"elementor-element elementor-element-caebfe6 elementor-widget elementor-widget-heading\" data-id=\"caebfe6\" data-element_type=\"widget\" data-e-type=\"widget\" data-widget_type=\"heading.default\">\n\t\t\t\t<div class=\"elementor-widget-container\">\n\t\t\t\t\t<h4 class=\"elementor-heading-title elementor-size-default\">Nuestras ventajas<\/h4>\t\t\t\t<\/div>\n\t\t\t\t<\/div>\n\t\t\t\t<div class=\"elementor-element elementor-element-3fc88a6 elementor-icon-list--layout-traditional elementor-list-item-link-full_width elementor-widget elementor-widget-icon-list\" data-id=\"3fc88a6\" data-element_type=\"widget\" data-e-type=\"widget\" data-widget_type=\"icon-list.default\">\n\t\t\t\t<div class=\"elementor-widget-container\">\n\t\t\t\t\t\t\t<ul class=\"elementor-icon-list-items\">\n\t\t\t\t\t\t\t<li class=\"elementor-icon-list-item\">\n\t\t\t\t\t\t\t\t\t\t\t<span class=\"elementor-icon-list-icon\">\n\t\t\t\t\t\t\t<svg aria-hidden=\"true\" class=\"e-font-icon-svg e-fas-chevron-right\" viewbox=\"0 0 320 512\" xmlns=\"http:\/\/www.w3.org\/2000\/svg\"><path d=\"M285.476 272.971L91.132 467.314c-9.373 9.373-24.569 9.373-33.941 0l-22.667-22.667c-9.357-9.357-9.375-24.522-.04-33.901L188.505 256 34.484 101.255c-9.335-9.379-9.317-24.544.04-33.901l22.667-22.667c9.373-9.373 24.569-9.373 33.941 0L285.475 239.03c9.373 9.372 9.373 24.568.001 33.941z\"><\/path><\/svg>\t\t\t\t\t\t<\/span>\n\t\t\t\t\t\t\t\t\t\t<span class=\"elementor-icon-list-text\">Soluciones de bonos a medida<\/span>\n\t\t\t\t\t\t\t\t\t<\/li>\n\t\t\t\t\t\t\t\t<li class=\"elementor-icon-list-item\">\n\t\t\t\t\t\t\t\t\t\t\t<span class=\"elementor-icon-list-icon\">\n\t\t\t\t\t\t\t<svg aria-hidden=\"true\" class=\"e-font-icon-svg e-fas-chevron-right\" viewbox=\"0 0 320 512\" xmlns=\"http:\/\/www.w3.org\/2000\/svg\"><path d=\"M285.476 272.971L91.132 467.314c-9.373 9.373-24.569 9.373-33.941 0l-22.667-22.667c-9.357-9.357-9.375-24.522-.04-33.901L188.505 256 34.484 101.255c-9.335-9.379-9.317-24.544.04-33.901l22.667-22.667c9.373-9.373 24.569-9.373 33.941 0L285.475 239.03c9.373 9.372 9.373 24.568.001 33.941z\"><\/path><\/svg>\t\t\t\t\t\t<\/span>\n\t\t\t\t\t\t\t\t\t\t<span class=\"elementor-icon-list-text\">Acceso 24\/7 a agentes experimentados<\/span>\n\t\t\t\t\t\t\t\t\t<\/li>\n\t\t\t\t\t\t\t\t<li class=\"elementor-icon-list-item\">\n\t\t\t\t\t\t\t\t\t\t\t<span class=\"elementor-icon-list-icon\">\n\t\t\t\t\t\t\t<svg aria-hidden=\"true\" class=\"e-font-icon-svg e-fas-chevron-right\" viewbox=\"0 0 320 512\" xmlns=\"http:\/\/www.w3.org\/2000\/svg\"><path d=\"M285.476 272.971L91.132 467.314c-9.373 9.373-24.569 9.373-33.941 0l-22.667-22.667c-9.357-9.357-9.375-24.522-.04-33.901L188.505 256 34.484 101.255c-9.335-9.379-9.317-24.544.04-33.901l22.667-22.667c9.373-9.373 24.569-9.373 33.941 0L285.475 239.03c9.373 9.372 9.373 24.568.001 33.941z\"><\/path><\/svg>\t\t\t\t\t\t<\/span>\n\t\t\t\t\t\t\t\t\t\t<span class=\"elementor-icon-list-text\">Servicio r\u00e1pido y asequible<\/span>\n\t\t\t\t\t\t\t\t\t<\/li>\n\t\t\t\t\t\t\t\t<li class=\"elementor-icon-list-item\">\n\t\t\t\t\t\t\t\t\t\t\t<span class=\"elementor-icon-list-icon\">\n\t\t\t\t\t\t\t<svg aria-hidden=\"true\" class=\"e-font-icon-svg e-fas-chevron-right\" viewbox=\"0 0 320 512\" xmlns=\"http:\/\/www.w3.org\/2000\/svg\"><path d=\"M285.476 272.971L91.132 467.314c-9.373 9.373-24.569 9.373-33.941 0l-22.667-22.667c-9.357-9.357-9.375-24.522-.04-33.901L188.505 256 34.484 101.255c-9.335-9.379-9.317-24.544.04-33.901l22.667-22.667c9.373-9.373 24.569-9.373 33.941 0L285.475 239.03c9.373 9.372 9.373 24.568.001 33.941z\"><\/path><\/svg>\t\t\t\t\t\t<\/span>\n\t\t\t\t\t\t\t\t\t\t<span class=\"elementor-icon-list-text\">Proceso legal simplificado<\/span>\n\t\t\t\t\t\t\t\t\t<\/li>\n\t\t\t\t\t\t\t\t<li class=\"elementor-icon-list-item\">\n\t\t\t\t\t\t\t\t\t\t\t<span class=\"elementor-icon-list-icon\">\n\t\t\t\t\t\t\t<svg aria-hidden=\"true\" class=\"e-font-icon-svg e-fas-chevron-right\" viewbox=\"0 0 320 512\" xmlns=\"http:\/\/www.w3.org\/2000\/svg\"><path d=\"M285.476 272.971L91.132 467.314c-9.373 9.373-24.569 9.373-33.941 0l-22.667-22.667c-9.357-9.357-9.375-24.522-.04-33.901L188.505 256 34.484 101.255c-9.335-9.379-9.317-24.544.04-33.901l22.667-22.667c9.373-9.373 24.569-9.373 33.941 0L285.475 239.03c9.373 9.372 9.373 24.568.001 33.941z\"><\/path><\/svg>\t\t\t\t\t\t<\/span>\n\t\t\t\t\t\t\t\t\t\t<span class=\"elementor-icon-list-text\">Con la confianza de la comunidad de Houston<\/span>\n\t\t\t\t\t\t\t\t\t<\/li>\n\t\t\t\t\t\t\t\t<li class=\"elementor-icon-list-item\">\n\t\t\t\t\t\t\t\t\t\t\t<span class=\"elementor-icon-list-icon\">\n\t\t\t\t\t\t\t<svg aria-hidden=\"true\" class=\"e-font-icon-svg e-fas-chevron-right\" viewbox=\"0 0 320 512\" xmlns=\"http:\/\/www.w3.org\/2000\/svg\"><path d=\"M285.476 272.971L91.132 467.314c-9.373 9.373-24.569 9.373-33.941 0l-22.667-22.667c-9.357-9.357-9.375-24.522-.04-33.901L188.505 256 34.484 101.255c-9.335-9.379-9.317-24.544.04-33.901l22.667-22.667c9.373-9.373 24.569-9.373 33.941 0L285.475 239.03c9.373 9.372 9.373 24.568.001 33.941z\"><\/path><\/svg>\t\t\t\t\t\t<\/span>\n\t\t\t\t\t\t\t\t\t\t<span class=\"elementor-icon-list-text\">Enfoque orientado a soluciones<\/span>\n\t\t\t\t\t\t\t\t\t<\/li>\n\t\t\t\t\t\t<\/ul>\n\t\t\t\t\t\t<\/div>\n\t\t\t\t<\/div>\n\t\t\t\t<\/div>\n\t\t<div class=\"elementor-element elementor-element-e306202 e-con-full e-flex e-con e-child\" data-id=\"e306202\" data-element_type=\"container\" data-e-type=\"container\">\n\t\t\t\t<div class=\"elementor-element elementor-element-4b06612 elementor-widget elementor-widget-elementskit-funfact\" data-id=\"4b06612\" data-element_type=\"widget\" data-e-type=\"widget\" data-widget_type=\"elementskit-funfact.default\">\n\t\t\t\t<div class=\"elementor-widget-container\">\n\t\t\t\t\t<div class=\"ekit-wid-con\" >\n\t\t<div class=\"elementskit-funfact text-center\">\n\t\t\t\n\t\t\t<div class=\"elementskit-funfact-inner position_top\">\n\t\t\t\t\t\t\t\t\t<div class=\"funfact-icon\">\n\t\t\t\t\t\t<i aria-hidden=\"true\" class=\"elementskit-funfact-icon icon icon-Rating\"><\/i>\t\t\t\t\t<\/div>\n\t\t\t\t\n\t\t\t\t<div class=\"funfact-content\">\n\t\t\t\t\t<div class=\"number-percentage-wraper\">\n\t\t\t\t\t\t\t\t\t\t\t\t<span class=\"number-percentage\"\n\t\t\t\t\t\t      data-value=\"30\"\n\t\t\t\t\t\t      data-animation-duration=\"3500\"\n\t\t\t\t\t\t\t  data-style=\"static\">0<\/span>\n\t\t\t\t\t\t+\t\t\t\t\t\t\t\t\t\t\t<\/div>\n\n\t\t\t\t\t<h3 class=\"funfact-title\">A\u00f1os de experiencia<\/h3>\t\t\t\t\t\t\t\t<\/div>\n\t\t<\/div>\n\t\t<\/div>\n\n\n\t\t<\/div>\t\t\t\t<\/div>\n\t\t\t\t<\/div>\n\t\t\t\t<\/div>\n\t\t\t\t<\/div>\n\t\t\t\t<\/div>\n\t\t\t\t\t<\/div>\n\t\t\t\t<\/div>\n\t\t<div class=\"elementor-element elementor-element-20c30c2b e-flex e-con-boxed e-con e-parent\" data-id=\"20c30c2b\" data-element_type=\"container\" data-e-type=\"container\" data-settings=\"{&quot;background_background&quot;:&quot;classic&quot;}\">\n\t\t\t\t\t<div class=\"e-con-inner\">\n\t\t<div class=\"elementor-element elementor-element-200b7d18 e-con-full e-flex e-con e-child\" data-id=\"200b7d18\" data-element_type=\"container\" data-e-type=\"container\">\n\t\t\t\t<\/div>\n\t\t<div class=\"elementor-element elementor-element-1814a12b e-con-full e-flex e-con e-child\" data-id=\"1814a12b\" data-element_type=\"container\" data-e-type=\"container\">\n\t\t\t\t<div class=\"elementor-element elementor-element-7f260064 elementor-widget elementor-widget-heading\" data-id=\"7f260064\" data-element_type=\"widget\" data-e-type=\"widget\" data-widget_type=\"heading.default\">\n\t\t\t\t<div class=\"elementor-widget-container\">\n\t\t\t\t\t<h3 class=\"elementor-heading-title elementor-size-default\">\u00bfNecesita ayuda para pagar la fianza? Estamos disponibles las 24 horas.<\/h3>\t\t\t\t<\/div>\n\t\t\t\t<\/div>\n\t\t\t\t<div class=\"elementor-element elementor-element-43de0e3 elementor-widget-mobile__width-initial elementor-widget elementor-widget-text-editor\" data-id=\"43de0e3\" data-element_type=\"widget\" data-e-type=\"widget\" data-widget_type=\"text-editor.default\">\n\t\t\t\t<div class=\"elementor-widget-container\">\n\t\t\t\t\t\t\t\t\t<p>En Americas Bail Bonds, hacemos que el proceso sea r\u00e1pido, sencillo y confidencial. Ya sea de d\u00eda o de noche, nuestro equipo est\u00e1 listo para guiarle en cada paso del proceso y ayudarle a traer a su ser querido a casa.<\/p>\t\t\t\t\t\t\t\t<\/div>\n\t\t\t\t<\/div>\n\t\t\t\t<div class=\"elementor-element elementor-element-293420c6 elementor-widget elementor-widget-button\" data-id=\"293420c6\" data-element_type=\"widget\" data-e-type=\"widget\" data-widget_type=\"button.default\">\n\t\t\t\t<div class=\"elementor-widget-container\">\n\t\t\t\t\t\t\t\t\t<div class=\"elementor-button-wrapper\">\n\t\t\t\t\t<a class=\"elementor-button elementor-button-link elementor-size-sm\" href=\"tel:713-227-2663\">\n\t\t\t\t\t\t<span class=\"elementor-button-content-wrapper\">\n\t\t\t\t\t\t\t\t\t<span class=\"elementor-button-text\">Habla con un agente<\/span>\n\t\t\t\t\t<\/span>\n\t\t\t\t\t<\/a>\n\t\t\t\t<\/div>\n\t\t\t\t\t\t\t\t<\/div>\n\t\t\t\t<\/div>\n\t\t\t\t<\/div>\n\t\t\t\t\t<\/div>\n\t\t\t\t<\/div>\n\t\t\t\t<\/div>","protected":false},"excerpt":{"rendered":"<p>About Us About Us AMERICAS BAIL BONDS At Americas Bailbonds, we know that facing an arrest in the family is overwhelming. The owner, Carlos Manzano, has dedicated most of his life to helping families through some of their most difficult moments.We believe that one mistake doesn\u2019t always define you as a bad person.Our mission is [&hellip;]<\/p>\n","protected":false},"author":1,"featured_media":241,"parent":0,"menu_order":0,"comment_status":"closed","ping_status":"closed","template":"elementor_header_footer","meta":{"footnotes":""},"class_list":["post-17","page","type-page","status-publish","has-post-thumbnail","hentry"],"yoast_head":"<!-- This site is optimized with the Yoast SEO plugin v26.8 - https:\/\/yoast.com\/product\/yoast-seo-wordpress\/ -->\n<title>About Americas Bail Bonds | 30+ Years Serving Houston Families<\/title>\n<meta name=\"description\" content=\"Learn more about Americas Bail Bonds and how we\u2019ve helped thousands of families with reliable, honest bail bond services. Experience, compassion, and support when it matters most.\" \/>\n<meta name=\"robots\" content=\"index, follow, max-snippet:-1, max-image-preview:large, max-video-preview:-1\" \/>\n<link rel=\"canonical\" href=\"https:\/\/americasbailbonds.com\/es\/about-us\/\" \/>\n<meta property=\"og:locale\" content=\"es_MX\" \/>\n<meta property=\"og:type\" content=\"article\" \/>\n<meta property=\"og:title\" content=\"About Americas Bail Bonds | 30+ Years Serving Houston Families\" \/>\n<meta property=\"og:description\" content=\"Learn more about Americas Bail Bonds and how we\u2019ve helped thousands of families with reliable, honest bail bond services. Experience, compassion, and support when it matters most.\" \/>\n<meta property=\"og:url\" content=\"https:\/\/americasbailbonds.com\/es\/about-us\/\" \/>\n<meta property=\"og:site_name\" content=\"Americas Bail Bonds\" \/>\n<meta property=\"article:modified_time\" content=\"2025-06-10T23:45:50+00:00\" \/>\n<meta property=\"og:image\" content=\"https:\/\/americasbailbonds.com\/wp-content\/uploads\/2025\/04\/cropped-AMERICAS-BAIL-BOND_4X8-BANNER-1.png\" \/>\n\t<meta property=\"og:image:width\" content=\"512\" \/>\n\t<meta property=\"og:image:height\" content=\"512\" \/>\n\t<meta property=\"og:image:type\" content=\"image\/png\" \/>\n<meta name=\"twitter:card\" content=\"summary_large_image\" \/>\n<meta name=\"twitter:label1\" content=\"Tiempo de lectura\" \/>\n\t<meta name=\"twitter:data1\" content=\"2 minutos\" \/>\n<script type=\"application\/ld+json\" class=\"yoast-schema-graph\">{\"@context\":\"https:\/\/schema.org\",\"@graph\":[{\"@type\":\"WebPage\",\"@id\":\"https:\/\/americasbailbonds.com\/about-us\/\",\"url\":\"https:\/\/americasbailbonds.com\/about-us\/\",\"name\":\"About Americas Bail Bonds | 30+ Years Serving Houston Families\",\"isPartOf\":{\"@id\":\"https:\/\/americasbailbonds.com\/#website\"},\"primaryImageOfPage\":{\"@id\":\"https:\/\/americasbailbonds.com\/about-us\/#primaryimage\"},\"image\":{\"@id\":\"https:\/\/americasbailbonds.com\/about-us\/#primaryimage\"},\"thumbnailUrl\":\"https:\/\/americasbailbonds.com\/wp-content\/uploads\/2025\/04\/cropped-AMERICAS-BAIL-BOND_4X8-BANNER-1.png\",\"datePublished\":\"2025-04-09T18:06:39+00:00\",\"dateModified\":\"2025-06-10T23:45:50+00:00\",\"description\":\"Learn more about Americas Bail Bonds and how we\u2019ve helped thousands of families with reliable, honest bail bond services. Experience, compassion, and support when it matters most.\",\"breadcrumb\":{\"@id\":\"https:\/\/americasbailbonds.com\/about-us\/#breadcrumb\"},\"inLanguage\":\"es\",\"potentialAction\":[{\"@type\":\"ReadAction\",\"target\":[\"https:\/\/americasbailbonds.com\/about-us\/\"]}]},{\"@type\":\"ImageObject\",\"inLanguage\":\"es\",\"@id\":\"https:\/\/americasbailbonds.com\/about-us\/#primaryimage\",\"url\":\"https:\/\/americasbailbonds.com\/wp-content\/uploads\/2025\/04\/cropped-AMERICAS-BAIL-BOND_4X8-BANNER-1.png\",\"contentUrl\":\"https:\/\/americasbailbonds.com\/wp-content\/uploads\/2025\/04\/cropped-AMERICAS-BAIL-BOND_4X8-BANNER-1.png\",\"width\":512,\"height\":512},{\"@type\":\"BreadcrumbList\",\"@id\":\"https:\/\/americasbailbonds.com\/about-us\/#breadcrumb\",\"itemListElement\":[{\"@type\":\"ListItem\",\"position\":1,\"name\":\"Home\",\"item\":\"https:\/\/americasbailbonds.com\/\"},{\"@type\":\"ListItem\",\"position\":2,\"name\":\"About Us\"}]},{\"@type\":\"WebSite\",\"@id\":\"https:\/\/americasbailbonds.com\/#website\",\"url\":\"https:\/\/americasbailbonds.com\/\",\"name\":\"Americas Bail Bonds\",\"description\":\"\",\"publisher\":{\"@id\":\"https:\/\/americasbailbonds.com\/#organization\"},\"potentialAction\":[{\"@type\":\"SearchAction\",\"target\":{\"@type\":\"EntryPoint\",\"urlTemplate\":\"https:\/\/americasbailbonds.com\/?s={search_term_string}\"},\"query-input\":{\"@type\":\"PropertyValueSpecification\",\"valueRequired\":true,\"valueName\":\"search_term_string\"}}],\"inLanguage\":\"es\"},{\"@type\":\"Organization\",\"@id\":\"https:\/\/americasbailbonds.com\/#organization\",\"name\":\"Americas Bail Bonds\",\"url\":\"https:\/\/americasbailbonds.com\/\",\"logo\":{\"@type\":\"ImageObject\",\"inLanguage\":\"es\",\"@id\":\"https:\/\/americasbailbonds.com\/#\/schema\/logo\/image\/\",\"url\":\"https:\/\/americasbailbonds.com\/wp-content\/uploads\/2025\/04\/AMERICAS-BAIL-BOND_4X8-BANNER-1.png\",\"contentUrl\":\"https:\/\/americasbailbonds.com\/wp-content\/uploads\/2025\/04\/AMERICAS-BAIL-BOND_4X8-BANNER-1.png\",\"width\":24108,\"height\":8544,\"caption\":\"Americas Bail Bonds\"},\"image\":{\"@id\":\"https:\/\/americasbailbonds.com\/#\/schema\/logo\/image\/\"}}]}<\/script>\n<!-- \/ Yoast SEO plugin. -->","yoast_head_json":{"title":"About Americas Bail Bonds | 30+ Years Serving Houston Families","description":"Learn more about Americas Bail Bonds and how we\u2019ve helped thousands of families with reliable, honest bail bond services. Experience, compassion, and support when it matters most.","robots":{"index":"index","follow":"follow","max-snippet":"max-snippet:-1","max-image-preview":"max-image-preview:large","max-video-preview":"max-video-preview:-1"},"canonical":"https:\/\/americasbailbonds.com\/es\/about-us\/","og_locale":"es_MX","og_type":"article","og_title":"About Americas Bail Bonds | 30+ Years Serving Houston Families","og_description":"Learn more about Americas Bail Bonds and how we\u2019ve helped thousands of families with reliable, honest bail bond services. Experience, compassion, and support when it matters most.","og_url":"https:\/\/americasbailbonds.com\/es\/about-us\/","og_site_name":"Americas Bail Bonds","article_modified_time":"2025-06-10T23:45:50+00:00","og_image":[{"width":512,"height":512,"url":"https:\/\/americasbailbonds.com\/wp-content\/uploads\/2025\/04\/cropped-AMERICAS-BAIL-BOND_4X8-BANNER-1.png","type":"image\/png"}],"twitter_card":"summary_large_image","twitter_misc":{"Tiempo de lectura":"2 minutos"},"schema":{"@context":"https:\/\/schema.org","@graph":[{"@type":"WebPage","@id":"https:\/\/americasbailbonds.com\/about-us\/","url":"https:\/\/americasbailbonds.com\/about-us\/","name":"About Americas Bail Bonds | 30+ Years Serving Houston Families","isPartOf":{"@id":"https:\/\/americasbailbonds.com\/#website"},"primaryImageOfPage":{"@id":"https:\/\/americasbailbonds.com\/about-us\/#primaryimage"},"image":{"@id":"https:\/\/americasbailbonds.com\/about-us\/#primaryimage"},"thumbnailUrl":"https:\/\/americasbailbonds.com\/wp-content\/uploads\/2025\/04\/cropped-AMERICAS-BAIL-BOND_4X8-BANNER-1.png","datePublished":"2025-04-09T18:06:39+00:00","dateModified":"2025-06-10T23:45:50+00:00","description":"Learn more about Americas Bail Bonds and how we\u2019ve helped thousands of families with reliable, honest bail bond services. Experience, compassion, and support when it matters most.","breadcrumb":{"@id":"https:\/\/americasbailbonds.com\/about-us\/#breadcrumb"},"inLanguage":"es","potentialAction":[{"@type":"ReadAction","target":["https:\/\/americasbailbonds.com\/about-us\/"]}]},{"@type":"ImageObject","inLanguage":"es","@id":"https:\/\/americasbailbonds.com\/about-us\/#primaryimage","url":"https:\/\/americasbailbonds.com\/wp-content\/uploads\/2025\/04\/cropped-AMERICAS-BAIL-BOND_4X8-BANNER-1.png","contentUrl":"https:\/\/americasbailbonds.com\/wp-content\/uploads\/2025\/04\/cropped-AMERICAS-BAIL-BOND_4X8-BANNER-1.png","width":512,"height":512},{"@type":"BreadcrumbList","@id":"https:\/\/americasbailbonds.com\/about-us\/#breadcrumb","itemListElement":[{"@type":"ListItem","position":1,"name":"Home","item":"https:\/\/americasbailbonds.com\/"},{"@type":"ListItem","position":2,"name":"About Us"}]},{"@type":"WebSite","@id":"https:\/\/americasbailbonds.com\/#website","url":"https:\/\/americasbailbonds.com\/","name":"Fianzas de las Am\u00e9ricas","description":"","publisher":{"@id":"https:\/\/americasbailbonds.com\/#organization"},"potentialAction":[{"@type":"SearchAction","target":{"@type":"EntryPoint","urlTemplate":"https:\/\/americasbailbonds.com\/?s={search_term_string}"},"query-input":{"@type":"PropertyValueSpecification","valueRequired":true,"valueName":"search_term_string"}}],"inLanguage":"es"},{"@type":"Organization","@id":"https:\/\/americasbailbonds.com\/#organization","name":"Fianzas de las Am\u00e9ricas","url":"https:\/\/americasbailbonds.com\/","logo":{"@type":"ImageObject","inLanguage":"es","@id":"https:\/\/americasbailbonds.com\/#\/schema\/logo\/image\/","url":"https:\/\/americasbailbonds.com\/wp-content\/uploads\/2025\/04\/AMERICAS-BAIL-BOND_4X8-BANNER-1.png","contentUrl":"https:\/\/americasbailbonds.com\/wp-content\/uploads\/2025\/04\/AMERICAS-BAIL-BOND_4X8-BANNER-1.png","width":24108,"height":8544,"caption":"Americas Bail Bonds"},"image":{"@id":"https:\/\/americasbailbonds.com\/#\/schema\/logo\/image\/"}}]}},"_links":{"self":[{"href":"https:\/\/americasbailbonds.com\/es\/wp-json\/wp\/v2\/pages\/17","targetHints":{"allow":["GET"]}}],"collection":[{"href":"https:\/\/americasbailbonds.com\/es\/wp-json\/wp\/v2\/pages"}],"about":[{"href":"https:\/\/americasbailbonds.com\/es\/wp-json\/wp\/v2\/types\/page"}],"author":[{"embeddable":true,"href":"https:\/\/americasbailbonds.com\/es\/wp-json\/wp\/v2\/users\/1"}],"replies":[{"embeddable":true,"href":"https:\/\/americasbailbonds.com\/es\/wp-json\/wp\/v2\/comments?post=17"}],"version-history":[{"count":44,"href":"https:\/\/americasbailbonds.com\/es\/wp-json\/wp\/v2\/pages\/17\/revisions"}],"predecessor-version":[{"id":657,"href":"https:\/\/americasbailbonds.com\/es\/wp-json\/wp\/v2\/pages\/17\/revisions\/657"}],"wp:featuredmedia":[{"embeddable":true,"href":"https:\/\/americasbailbonds.com\/es\/wp-json\/wp\/v2\/media\/241"}],"wp:attachment":[{"href":"https:\/\/americasbailbonds.com\/es\/wp-json\/wp\/v2\/media?parent=17"}],"curies":[{"name":"wp","href":"https:\/\/api.w.org\/{rel}","templated":true}]}}